{"id":23,"date":"2020-07-15T11:02:51","date_gmt":"2020-07-15T11:02:51","guid":{"rendered":"http:\/\/www.valiplus.de\/?page_id=23"},"modified":"2026-04-12T17:31:43","modified_gmt":"2026-04-12T15:31:43","slug":"preise","status":"publish","type":"page","link":"https:\/\/www.valiplus.de\/?page_id=23","title":{"rendered":"Preise"},"content":{"rendered":"\n<p><strong><span class=\"has-inline-color has-very-dark-gray-color\">Attraktive <\/span><span class=\"has-inline-color has-vivid-cyan-blue-color\">Kombi-Pakete <\/span><span class=\"has-inline-color has-very-dark-gray-color\">und <\/span><span class=\"has-inline-color has-vivid-cyan-blue-color\">Rabatte <\/span><span class=\"has-inline-color has-very-dark-gray-color\">erstellen wir individuell nach Ihren Bed\u00fcrfnissen. <\/span><\/strong><\/p>\n\n\n\n<p><strong><span class=\"has-inline-color has-very-dark-gray-color\">Fragen Sie gleich nach &#8211; Nutzen Sie das <a href=\"http:\/\/www.valiplus.de\/?page_id=25\"><em>Kontaktformular<\/em><\/a>!<\/span><\/strong><\/p>\n\n\n\n<figure class=\"wp-block-table\"><table><tbody><tr><td><strong>LISTENPREISE<\/strong><\/td><td><strong>Ger\u00e4t<\/strong><\/td><td><strong>netto, Euro<\/strong><\/td><\/tr><tr><td>Erstvalidierung<\/td><td>RDG<\/td><td>840<\/td><\/tr><tr><td>Revalidierung<\/td><td>RDG<\/td><td>590<\/td><\/tr><tr><td>Erstvalidierung<\/td><td>Sterilisatoren (B-Klasse, S-Klasse)<\/td><td>540<\/td><\/tr><tr><td>Revalidierung<\/td><td>Sterilisatoren (B-Klasse, S-Klasse)<\/td><td>440<\/td><\/tr><tr><td><\/td><td><em>weiteres Programm Steri<\/em><\/td><td>100<\/td><\/tr><tr><td>Erstvalidierung<\/td><td>W&amp;H Assistina, NSK iCare, KaVo Quattro Care, u.\u00c4.<\/td><td>260<\/td><\/tr><tr><td>Revalidierung<\/td><td>W&amp;H Assistina, NSK iCare, KaVo Quattro Care, u.\u00c4.<\/td><td>240<\/td><\/tr><tr><td>Erstvalidierung<\/td><td>Sirona DAC<\/td><td>840<\/td><\/tr><tr><td>Revalidierung<\/td><td>Sirona DAC<\/td><td>590<\/td><\/tr><tr><td>Erstvalidierung<\/td><td>Melag Careclave (Care-Boxen &amp; Sterilisation)<\/td><td>840<\/td><\/tr><tr><td>Revalidierung<\/td><td>Melag Careclave (Care-Boxen &amp; Sterilisation)<\/td><td>590<\/td><\/tr><tr><td>Erstvalidierung<\/td><td>Siegelger\u00e4t (Balken- und Durchlaufsiegelger\u00e4t), nur in Verbindung mit Validierung Sterilisator<\/td><td>230<\/td><\/tr><tr><td>Revalidierung<\/td><td>Siegelger\u00e4t (Balken- und Durchlaufsiegelger\u00e4t), nur in Verbindung mit Validierung Sterilisator<\/td><td>210<\/td><\/tr><tr><td>Anfahrt<\/td><td>pauschal<\/td><td>89<\/td><\/tr><tr><td><\/td><td><\/td><td><\/td><\/tr><\/tbody><\/table><figcaption class=\"wp-element-caption\"><br><br>Alle Preise zzgl. MwSt. zum Leistungszeitpunkt, derzeit 19%. Es gelten unsere AGB<\/figcaption><\/figure>\n\n\n\n<p class=\"has-text-align-center\"><a href=\"http:\/\/www.valiplus.de\/?page_id=25\">Fragen Sie gleich an &#8211; teilen Sie uns Ihren Terminwunsch mit!<\/a><\/p>\n\n\n\n<p>.<\/p>\n\n\n\n<p><span class=\"has-inline-color has-vivid-cyan-blue-color\"><strong>Inhalte der Validierung<\/strong><\/span><\/p>\n\n\n\n<p>Leistungspr\u00fcfung \/(Validierung) gem\u00e4\u00df den jeweiligen Normen (EN 15883, EN 13060) und Leitlinien (AKI; DGSV) inkl. quantitativer und qualitativer Restproteinbestimmung (bei RDG, definiert kontaminierte Pr\u00fcfk\u00f6rper), Auswertung und Gutachten eines Labors mit akkreditiertem Auswerteverfahren der quantitativen Bestimmung, Durchf\u00fchrung der Zeit- und Temperaturmessung mittels kalibrierter Pr\u00fcflogger, Prozesskontrolle der Aufbereitung, Erstellung eines Berichts zur Dokumentation der Leistungspr\u00fcfung und deren Ergebnisse.<\/p>\n","protected":false},"excerpt":{"rendered":"<p>Attraktive Kombi-Pakete und Rabatte erstellen wir individuell nach Ihren Bed\u00fcrfnissen. Fragen Sie gleich nach &#8211; Nutzen Sie das Kontaktformular! LISTENPREISE Ger\u00e4t netto, Euro Erstvalidierung RDG 840 Revalidierung RDG 590 Erstvalidierung Sterilisatoren (B-Klasse, S-Klasse) 540 Revalidierung Sterilisatoren (B-Klasse, S-Klasse) 440 weiteres Programm Steri 100 Erstvalidierung W&amp;H Assistina, NSK iCare, KaVo Quattro Care, u.\u00c4. 260 Revalidierung W&amp;H&hellip; <br \/> <a class=\"read-more\" href=\"https:\/\/www.valiplus.de\/?page_id=23\">Weiterlesen<\/a><\/p>\n","protected":false},"author":1,"featured_media":0,"parent":0,"menu_order":0,"comment_status":"closed","ping_status":"closed","template":"","meta":{"footnotes":""},"class_list":["post-23","page","type-page","status-publish","hentry"],"_links":{"self":[{"href":"https:\/\/www.valiplus.de\/index.php?rest_route=\/wp\/v2\/pages\/23","targetHints":{"allow":["GET"]}}],"collection":[{"href":"https:\/\/www.valiplus.de\/index.php?rest_route=\/wp\/v2\/pages"}],"about":[{"href":"https:\/\/www.valiplus.de\/index.php?rest_route=\/wp\/v2\/types\/page"}],"author":[{"embeddable":true,"href":"https:\/\/www.valiplus.de\/index.php?rest_route=\/wp\/v2\/users\/1"}],"replies":[{"embeddable":true,"href":"https:\/\/www.valiplus.de\/index.php?rest_route=%2Fwp%2Fv2%2Fcomments&post=23"}],"version-history":[{"count":13,"href":"https:\/\/www.valiplus.de\/index.php?rest_route=\/wp\/v2\/pages\/23\/revisions"}],"predecessor-version":[{"id":286,"href":"https:\/\/www.valiplus.de\/index.php?rest_route=\/wp\/v2\/pages\/23\/revisions\/286"}],"wp:attachment":[{"href":"https:\/\/www.valiplus.de\/index.php?rest_route=%2Fwp%2Fv2%2Fmedia&parent=23"}],"curies":[{"name":"wp","href":"https:\/\/api.w.org\/{rel}","templated":true}]}}