{"id":21,"date":"2020-07-15T11:01:09","date_gmt":"2020-07-15T11:01:09","guid":{"rendered":"http:\/\/www.valiplus.de\/?page_id=21"},"modified":"2023-10-23T16:55:16","modified_gmt":"2023-10-23T14:55:16","slug":"leistungen","status":"publish","type":"page","link":"https:\/\/www.valiplus.de\/?page_id=21","title":{"rendered":"Leistungen"},"content":{"rendered":"\n<p><strong><span class=\"has-inline-color has-vivid-cyan-blue-color\">NEU<\/span><\/strong>: Qualifizierte Validierung des MELAG Careclave<\/p>\n\n\n\n<p>Fragen Sie uns direkt nach einem Angebot<\/p>\n\n\n\n<p><\/p>\n\n\n\n<p><strong><span class=\"has-inline-color has-vivid-cyan-blue-color\">Siegelnahtfestigkeitspr\u00fcfung <\/span><\/strong>nach DIN EN ISO11607-2. Die Siegelnahtfestigkeitspr\u00fcfung zeigt die Qualit\u00e4t der Versiegelung und kann folglich feststellen, ob in Ihrem Prozess das Sterilbarrieresystem grunds\u00e4tzlich funktioniert. Die Siegelnahtfestigkeitspr\u00fcfung ist Pflicht!<\/p>\n\n\n\n<p>VALIPLUS bietet diese Pr\u00fcfung zum <strong><span style=\"background-color:rgba(0, 0, 0, 0)\" class=\"has-inline-color has-vivid-cyan-blue-color\">SONDERPREIS<\/span><\/strong> &#8211; nehmen Sie gleich Kontakt auf!<\/p>\n\n\n\n<p><\/p>\n\n\n\n<p><strong><span class=\"has-inline-color has-vivid-cyan-blue-color\">ZIELGRUPPEN &amp; LEISTUNGEN<\/span><\/strong><\/p>\n\n\n\n<p>VALIPLUS arbeitet <strong>bundesweit und markenunabh\u00e4ngig<\/strong>. Wir pr\u00fcfen, beurteilen und validieren die Aufbereitung von Medizinprodukten in der niedergelassenen Praxis:<\/p>\n\n\n\n<ul class=\"wp-block-list\">\n<li>Zahnarztpraxis<\/li>\n\n\n\n<li>HNO<\/li>\n\n\n\n<li>Gyn\u00e4kologie<\/li>\n\n\n\n<li>Podologie<\/li>\n\n\n\n<li>Dermatologie<\/li>\n\n\n\n<li>Und viele weitere.<\/li>\n<\/ul>\n\n\n\n<p>___________________<\/p>\n\n\n\n<p><strong><span class=\"has-inline-color has-vivid-cyan-blue-color\">Prozesse: Reinigung, Desinfektion, Verpackung, Sterilisation<\/span><\/strong><\/p>\n\n\n\n<p>___________________ <\/p>\n\n\n\n<p><em>Reinigung und Desinfektion<\/em><\/p>\n\n\n\n<p>RDG (Reinigungs- und Desinfektionsger\u00e4te, Thermodesinfektoren) der Marken MIELE, MELAG, EURONDA; IC MEDICAL; SCICAN; STEELCO, und weitere auf Anfrage.<\/p>\n\n\n\n<p>___________________ <\/p>\n\n\n\n<p><em>VERPACKUNG<\/em><\/p>\n\n\n\n<p>Balkensiegelger\u00e4te und Durchlaufsiegelger\u00e4te aller Marken und Baujahre<\/p>\n\n\n\n<p>___________________<\/p>\n\n\n\n<p><em>STERILISATION<\/em><\/p>\n\n\n\n<p>S-Klasse und B-Klasse Sterilisatoren aller Marken von z.B.&nbsp; MELAG, W&amp;H, EURONDA, b-autoclaaf, Dentares, WOSON, usw. gerne auf Anfrage!<\/p>\n\n\n\n<p>___________________ <\/p>\n\n\n\n<p><span style=\"background-color:rgba(0, 0, 0, 0)\" class=\"has-inline-color has-vivid-cyan-blue-color\">Wir validieren auch Spezialger\u00e4te wie<\/span><\/p>\n\n\n\n<p>Careclave<\/p>\n\n\n\n<p>Sirona DAC (alle Versionen, alle Deckel)<\/p>\n\n\n\n<p>W&amp;H Assistina<\/p>\n\n\n\n<p>NSK iCare<\/p>\n\n\n\n<p>KAVO Quattro Care<\/p>\n\n\n\n<p>___________________<\/p>\n\n\n\n<p><strong>Consulting<\/strong><\/p>\n\n\n\n<p>Neben der Validierung unterst\u00fctzen wir Sie auch gerne beim Aufbau Ihres QM-System (z.B. Arbeitsanweisung) zur Aufbereitung von Medizinprodukten. Bitte sprechen Sie uns hierzu an \u2013 diese Herausforderung ist bekanntlich sehr individuell.<\/p>\n\n\n\n<figure class=\"wp-block-image size-large is-resized\"><img loading=\"lazy\" decoding=\"async\" width=\"1024\" height=\"768\" src=\"http:\/\/www.valiplus.de\/wp-content\/uploads\/2020\/07\/Bericht-1024x768.jpg\" alt=\"\" class=\"wp-image-213\" style=\"width:240px;height:180px\"\/><\/figure>\n\n\n\n<p><\/p>\n","protected":false},"excerpt":{"rendered":"<p>NEU: Qualifizierte Validierung des MELAG Careclave Fragen Sie uns direkt nach einem Angebot Siegelnahtfestigkeitspr\u00fcfung nach DIN EN ISO11607-2. Die Siegelnahtfestigkeitspr\u00fcfung zeigt die Qualit\u00e4t der Versiegelung und kann folglich feststellen, ob in Ihrem Prozess das Sterilbarrieresystem grunds\u00e4tzlich funktioniert. Die Siegelnahtfestigkeitspr\u00fcfung ist Pflicht! VALIPLUS bietet diese Pr\u00fcfung zum SONDERPREIS &#8211; nehmen Sie gleich Kontakt auf! ZIELGRUPPEN &amp;&hellip; <br \/> <a class=\"read-more\" href=\"https:\/\/www.valiplus.de\/?page_id=21\">Weiterlesen<\/a><\/p>\n","protected":false},"author":1,"featured_media":33,"parent":0,"menu_order":0,"comment_status":"closed","ping_status":"closed","template":"","meta":{"footnotes":""},"class_list":["post-21","page","type-page","status-publish","has-post-thumbnail","hentry"],"_links":{"self":[{"href":"https:\/\/www.valiplus.de\/index.php?rest_route=\/wp\/v2\/pages\/21","targetHints":{"allow":["GET"]}}],"collection":[{"href":"https:\/\/www.valiplus.de\/index.php?rest_route=\/wp\/v2\/pages"}],"about":[{"href":"https:\/\/www.valiplus.de\/index.php?rest_route=\/wp\/v2\/types\/page"}],"author":[{"embeddable":true,"href":"https:\/\/www.valiplus.de\/index.php?rest_route=\/wp\/v2\/users\/1"}],"replies":[{"embeddable":true,"href":"https:\/\/www.valiplus.de\/index.php?rest_route=%2Fwp%2Fv2%2Fcomments&post=21"}],"version-history":[{"count":16,"href":"https:\/\/www.valiplus.de\/index.php?rest_route=\/wp\/v2\/pages\/21\/revisions"}],"predecessor-version":[{"id":284,"href":"https:\/\/www.valiplus.de\/index.php?rest_route=\/wp\/v2\/pages\/21\/revisions\/284"}],"wp:featuredmedia":[{"embeddable":true,"href":"https:\/\/www.valiplus.de\/index.php?rest_route=\/wp\/v2\/media\/33"}],"wp:attachment":[{"href":"https:\/\/www.valiplus.de\/index.php?rest_route=%2Fwp%2Fv2%2Fmedia&parent=21"}],"curies":[{"name":"wp","href":"https:\/\/api.w.org\/{rel}","templated":true}]}}