{"id":2,"date":"2016-05-10T03:48:21","date_gmt":"2016-05-10T03:48:21","guid":{"rendered":"http:\/\/valiplus.de\/?page_id=2"},"modified":"2026-04-12T18:30:03","modified_gmt":"2026-04-12T16:30:03","slug":"sample-page","status":"publish","type":"page","link":"https:\/\/www.valiplus.de\/?page_id=2","title":{"rendered":"\u00dcber VALIPLUS"},"content":{"rendered":"\n<p><strong>\u00dcber VALIPLUS<\/strong> \/ Jochen Schmid<\/p>\n\n\n<p>VALIPLUS entstand aus meiner \u00dcberlegung und der konsequenten Umsetzung, den Standard der gesetzlichen Vorgaben in der <strong>niedergelassenen Praxis<\/strong> umzusetzen. Viele Jahre Erfahrung, hunderte Validierungen pro Jahr und Kooperationen mit verschiedenen, <span style=\"color: #00ccff;\">akkreditierten Laboren<\/span> zur quantitativen Proteinauswertung <span style=\"color: #00ccff;\">sichern die Qualit\u00e4t<\/span> der angebotenen Leistungen unter Beachtung der einschl\u00e4gigen Normen, Gesetze, Richtlinien und Leitlinien.<\/p>\n<p>Im Gegensatz zu Validierungen durch Hersteller ist VALIPLUS markenunabh\u00e4ngig. VALIPLUS handelt nicht mit Produkten und damit ist auch kein Verkaufsinteresse vorhanden. VALIPLUS ist objektiv und frei von jeglichen anderen Interessen.<\/p>\n<p>Durch die Validierung von VALIPLUS helfen wir Ihnen, die<span style=\"color: #00ccff;\"> Aufbereitungsprozesse rechtssicher zu gestalten<\/span> und den Anforderungen zu entsprechen. Nicht zuletzt Ihre pers\u00f6nliche Verantwortung (Betreiberhaftung), sondern auch die Begehungen durch Beh\u00f6rden stellen Sie unter einen enormen Druck. <span style=\"color: #00ccff;\">Wir helfen Ihnen, dieses Problem zu l\u00f6sen.<\/span><\/p>\n<p>Die r\u00e4umlichen und organisatorischen Begebenheiten in der niedergelassenen Praxis unterscheiden sich von der ZSVA\/AEMP in einer Klinik. Die Art der Instrumente und die Anzahl der Instrumente f\u00fcr die Aufbereitung muss beachtet werden. Und genau hier ist unsere Spezialisierung \u2013 <span style=\"color: #00ccff;\">VALIPLUS kennt die Probleme und Herausforderungen der niedergelassenen Praxis<\/span> bei der Aufbereitung von Medizinprodukten und beachtet diese Umst\u00e4nde bei der Validierung.<\/p>\n<p>Sie erhalten durch VALIPLUS also eine Validierung der Aufbereitungsprozesse von Medizinprodukten im Sinne der Vorschriften und damit k\u00f6nnen Sie auch die notwendige Rechtssicherheit im Sinne des \u00a78 MPBetreibV erzielen. Denn eine Validierung ist gesetzlich zwingend erforderlich!<\/p>\n<p><span style=\"color: #00ccff;\">Das Plus:<\/span> Die Erfahrung aus hunderten Praxen unterschiedlicher Fachrichtungen flie\u00dfen in die Validierung aber nat\u00fcrlich auch in die Unterst\u00fctzung zur Gestaltung der Prozesse mit ein.<\/p>\n<p><span style=\"color: #00ccff;\">Jochen Schmid &#8211; VALIPLUS<\/span><\/p>\n<p>Als Validierer erf\u00fclle ich die rechtlich geforderten Qualifikationen (Vita und Ausbildung\/ Fortbildung) \u2013 und dar\u00fcber hinaus:<\/p>\n<ul>\n<li>Sicherheitsbeauftragter f\u00fcr Medizinprodukte<\/li>\n<li>Ehemals Leitung der Abteilung Hygiene\/ Validierung bei einem deutschen Medizinproduktehersteller f\u00fcr Reinigungs- und Desinfektionsger\u00e4te sowie Sterilisatoren<\/li>\n<li>Qualit\u00e4tsmanagement (Medizinprodukte)<\/li>\n<li>Medizinprodukteberater<\/li>\n<li>Sachkundenachweis (Aufbereitung Medizinprodukte)<\/li>\n<li>Diverse Validierungslehrg\u00e4nge nach DGSV e.V.<\/li>\n<li>Erfahrung aus hunderten Validierungen (aktiv und begleitend) in verschiedenen Fachrichtungen\/ verschiedene Ger\u00e4te<\/li>\n<li>Mitarbeit in einer AEMP (ehemals ZSVA), Fachkunde (nach DGSV e.V.)<\/li>\n<li>Fortbildung Hygienetechniker<\/li>\n<\/ul>\n<p>Ich freue mich auf Ihre Mitteilung!<\/p>\n\n\n<figure class=\"wp-block-image size-large\"><img loading=\"lazy\" decoding=\"async\" width=\"798\" height=\"302\" src=\"https:\/\/www.valiplus.de\/wp-content\/uploads\/2021\/01\/diverse.jpg\" alt=\"Auszug Qualifikationen\" class=\"wp-image-243\" srcset=\"https:\/\/www.valiplus.de\/wp-content\/uploads\/2021\/01\/diverse.jpg 798w, https:\/\/www.valiplus.de\/wp-content\/uploads\/2021\/01\/diverse-300x114.jpg 300w, https:\/\/www.valiplus.de\/wp-content\/uploads\/2021\/01\/diverse-768x291.jpg 768w\" sizes=\"auto, (max-width: 798px) 100vw, 798px\" \/><\/figure>\n","protected":false},"excerpt":{"rendered":"<p>\u00dcber VALIPLUS \/ Jochen Schmid VALIPLUS entstand aus meiner \u00dcberlegung und der konsequenten Umsetzung, den Standard der gesetzlichen Vorgaben in der niedergelassenen Praxis umzusetzen. Viele Jahre Erfahrung, hunderte Validierungen pro Jahr und Kooperationen mit verschiedenen, akkreditierten Laboren zur quantitativen Proteinauswertung sichern die Qualit\u00e4t der angebotenen Leistungen unter Beachtung der einschl\u00e4gigen Normen, Gesetze, Richtlinien und Leitlinien.&hellip; <br \/> <a class=\"read-more\" href=\"https:\/\/www.valiplus.de\/?page_id=2\">Weiterlesen<\/a><\/p>\n","protected":false},"author":1,"featured_media":0,"parent":0,"menu_order":0,"comment_status":"closed","ping_status":"open","template":"","meta":{"footnotes":""},"class_list":["post-2","page","type-page","status-publish","hentry"],"_links":{"self":[{"href":"https:\/\/www.valiplus.de\/index.php?rest_route=\/wp\/v2\/pages\/2","targetHints":{"allow":["GET"]}}],"collection":[{"href":"https:\/\/www.valiplus.de\/index.php?rest_route=\/wp\/v2\/pages"}],"about":[{"href":"https:\/\/www.valiplus.de\/index.php?rest_route=\/wp\/v2\/types\/page"}],"author":[{"embeddable":true,"href":"https:\/\/www.valiplus.de\/index.php?rest_route=\/wp\/v2\/users\/1"}],"replies":[{"embeddable":true,"href":"https:\/\/www.valiplus.de\/index.php?rest_route=%2Fwp%2Fv2%2Fcomments&post=2"}],"version-history":[{"count":18,"href":"https:\/\/www.valiplus.de\/index.php?rest_route=\/wp\/v2\/pages\/2\/revisions"}],"predecessor-version":[{"id":290,"href":"https:\/\/www.valiplus.de\/index.php?rest_route=\/wp\/v2\/pages\/2\/revisions\/290"}],"wp:attachment":[{"href":"https:\/\/www.valiplus.de\/index.php?rest_route=%2Fwp%2Fv2%2Fmedia&parent=2"}],"curies":[{"name":"wp","href":"https:\/\/api.w.org\/{rel}","templated":true}]}}